{"id":1195,"date":"2025-05-19T11:45:08","date_gmt":"2025-05-19T11:45:08","guid":{"rendered":"https:\/\/jesse.templweb.com\/?post_type=product&#038;p=1195"},"modified":"2025-10-14T09:45:57","modified_gmt":"2025-10-14T09:45:57","slug":"hogklint","status":"publish","type":"product","link":"https:\/\/jesse.templweb.com\/en\/hogklint\/","title":{"rendered":"H\u00f6gklint"},"content":{"rendered":"<p>H\u00f6gklint is a modular shelving system made from solid wood \u2014 as flexible as it is architecturally strong. Adjust the height, width, number of sections, and shelves entirely to fit your space and style. A bookcase that grows with you.<br \/>\nWhen you order a H\u00f6gklint, you do so through our configurator. We can assist you with this in our stores or over the phone. H\u00f6gklint is delivered flat-packed but is easy to assemble on your own.<\/p>","protected":false},"excerpt":{"rendered":"<p>Hogklint \u00e4r ett byggbart hyllsystem i massiv tr\u00e4konstruktion \u2013 lika flexibelt som det \u00e4r formstarkt. Anpassa h\u00f6jd, bredd, antal sektioner och hyllplan helt efter ditt utrymme och din stil. En bokhylla som v\u00e4xer med dig \u2013 bokstavligt talat. N\u00e4r du best\u00e4ller en H\u00f6gklint g\u00f6r du det genom v\u00e5r konfigurator. Vi kan hj\u00e4lpa dig med detta [&hellip;]<\/p>","protected":false},"featured_media":1065,"comment_status":"open","ping_status":"closed","template":"","meta":{"_acf_changed":false},"product_brand":[126],"product_cat":[60],"product_tag":[88],"class_list":{"0":"post-1195","1":"product","2":"type-product","3":"status-publish","4":"has-post-thumbnail","6":"product_brand-g-a-d","7":"product_cat-bokhyllor","8":"product_tag-hogklint","10":"first","11":"instock","12":"taxable","13":"shipping-taxable","14":"product-type-simple"},"acf":[],"wcpa_form_fields":null,"_links":{"self":[{"href":"https:\/\/jesse.templweb.com\/en\/wp-json\/wp\/v2\/product\/1195","targetHints":{"allow":["GET"]}}],"collection":[{"href":"https:\/\/jesse.templweb.com\/en\/wp-json\/wp\/v2\/product"}],"about":[{"href":"https:\/\/jesse.templweb.com\/en\/wp-json\/wp\/v2\/types\/product"}],"replies":[{"embeddable":true,"href":"https:\/\/jesse.templweb.com\/en\/wp-json\/wp\/v2\/comments?post=1195"}],"wp:featuredmedia":[{"embeddable":true,"href":"https:\/\/jesse.templweb.com\/en\/wp-json\/wp\/v2\/media\/1065"}],"wp:attachment":[{"href":"https:\/\/jesse.templweb.com\/en\/wp-json\/wp\/v2\/media?parent=1195"}],"wp:term":[{"taxonomy":"product_brand","embeddable":true,"href":"https:\/\/jesse.templweb.com\/en\/wp-json\/wp\/v2\/product_brand?post=1195"},{"taxonomy":"product_cat","embeddable":true,"href":"https:\/\/jesse.templweb.com\/en\/wp-json\/wp\/v2\/product_cat?post=1195"},{"taxonomy":"product_tag","embeddable":true,"href":"https:\/\/jesse.templweb.com\/en\/wp-json\/wp\/v2\/product_tag?post=1195"}],"curies":[{"name":"wp","href":"https:\/\/api.w.org\/{rel}","templated":true}]}}