{"id":1197,"date":"2025-05-19T11:46:32","date_gmt":"2025-05-19T11:46:32","guid":{"rendered":"https:\/\/jesse.templweb.com\/?post_type=product&#038;p=1197"},"modified":"2025-09-19T10:54:43","modified_gmt":"2025-09-19T10:54:43","slug":"underhallsoljor-for-tra","status":"publish","type":"product","link":"https:\/\/jesse.templweb.com\/en\/underhallsoljor-for-tra\/","title":{"rendered":"Maintenance oils for wood"},"content":{"rendered":"<p>To preserve the natural beauty and longevity of the wood, regular maintenance with G.A.D\u2019s own wood oils is recommended. Our oils are carefully selected to harmonize with the furniture\u2019s finishes and penetrate deeply into the wood to protect against dirt, moisture, and drying out \u2014 without clogging pores or hiding the grain. Suitable for both oak and birch.<\/p>\n<p>Easy to apply \u2014 for lasting beauty and function.<\/p>","protected":false},"excerpt":{"rendered":"<p>F\u00f6r att bevara tr\u00e4ets naturliga sk\u00f6nhet och livsl\u00e4ngd rekommenderas regelbundet underh\u00e5ll med G.A.D:s egna tr\u00e4oljor. V\u00e5ra oljor \u00e4r noggrant utvalda f\u00f6r att harmonisera med m\u00f6blernas ytbehandlingar och tr\u00e4nger djupt in i tr\u00e4et f\u00f6r att skydda mot smuts, fukt och uttorkning \u2013 utan att t\u00e4ppa till porerna eller d\u00f6lja \u00e5dringen. Passar f\u00f6r s\u00e5v\u00e4l ek som bj\u00f6rk. [&hellip;]<\/p>","protected":false},"featured_media":1198,"comment_status":"open","ping_status":"closed","template":"","meta":{"_acf_changed":false},"product_brand":[126],"product_cat":[62],"product_tag":[86],"class_list":{"0":"post-1197","1":"product","2":"type-product","3":"status-publish","4":"has-post-thumbnail","6":"product_brand-g-a-d","7":"product_cat-mobelvard","8":"product_tag-mobelvard","9":"product_shipping_class-fraktklass-b","10":"wcpa_has_options","12":"first","13":"instock","14":"taxable","15":"shipping-taxable","16":"purchasable","17":"product-type-simple"},"acf":[],"wcpa_form_fields":{"wcpaData":{"product":{"product_price":190,"price_html":"<span class=\"woocommerce-Price-amount amount\"><bdi>190&nbsp;<span class=\"woocommerce-Price-currencySymbol\">&#107;&#114;<\/span><\/bdi><\/span>","original_product_price":190,"price_including_tax":190,"price_excluding_tax":152,"product_id":{"parent":1197,"variation":false},"is_variable":false,"stock_status":"instock","stock_quantity":null,"parent_sku":"","product_attributes":[],"custom_fields":[],"is_taxable":true,"product_name":"Underh\u00e5llsoljor f\u00f6r tr\u00e4","hasImage":false},"fields":{"sec_36839a311455ea":{"extra":{"key":"sec_36839a311455ea","section_id":"sec_36839a311455ea","name":"Default","status":1,"cl_rule":"show","enableCl":false,"relations":[],"toggle":true,"title_tag":"h3","show_title":false,"showPrice":"default","form_id":3300,"form_rules":{"exclude_from_discount":false,"fee_label":"Fee","disp_hide_options_price":true,"disp_show_section_price":false,"disp_show_field_price":false,"layout_option":"standard","pric_use_as_fee":false,"process_fee_as":"woo_fee"},"layout_option":"standard"},"fields":[[{"active":true,"col":6,"relations":false,"cl_rule":"show","enableCl":false,"price":"","enablePrice":false,"className":"","label_position":"default","desc_position":"default","type":"select","required":false,"elementId":"select_7659123613","label":"V\u00c4LJ OLJA","name":"select_7659123613","values":[{"label":"Vitolja f\u00f6r bj\u00f6rk och vitoljad ek","value":"Option - 1","selected":false,"tempId":"aco_3754","gt_translate_keys":["label"]},{"label":"Linolja med gotl\u00e4ndskt bivax f\u00f6r ek","value":"Option - 2","selected":false,"tempId":"aco_3755","gt_translate_keys":["label"]}],"dropdown_type":"basic","error":false,"priceOptions":"different_for_all","pricingType":"fixed","gt_translate_keys":["label"],"price_dependency":false,"cl_dependency":false,"value":""}]]}},"config":{"price_override":"","enable_recaptcha":false,"bind_quantity":false,"quantity_bind_formula":false,"disp_summ_show_option_price":false,"disp_summ_show_product_price":false,"disp_summ_show_total_price":true,"disp_summ_show_fee":false,"disp_summ_show_discount":false,"summary_title":"","options_total_label":"Tillval","total_label":"Total","options_product_label":"Grundpris","fee_label":"Fee","discount_label":"Rabatt","has_price":true,"has_quantity_formula":false},"mc_unit":1,"tax_rate":1,"tax_rate_real":0.25,"discount":{"percentage":0,"fixed":0},"design":{"conf":{"LabelPosition":"above","DescPosition":"above","UploadField":"custom_1","QuantityFieldStyle":"default"},"css":{"LeftLabelWidth":"120px"}},"formulas":[],"clones":false,"cartKey":false}},"_links":{"self":[{"href":"https:\/\/jesse.templweb.com\/en\/wp-json\/wp\/v2\/product\/1197","targetHints":{"allow":["GET"]}}],"collection":[{"href":"https:\/\/jesse.templweb.com\/en\/wp-json\/wp\/v2\/product"}],"about":[{"href":"https:\/\/jesse.templweb.com\/en\/wp-json\/wp\/v2\/types\/product"}],"replies":[{"embeddable":true,"href":"https:\/\/jesse.templweb.com\/en\/wp-json\/wp\/v2\/comments?post=1197"}],"wp:featuredmedia":[{"embeddable":true,"href":"https:\/\/jesse.templweb.com\/en\/wp-json\/wp\/v2\/media\/1198"}],"wp:attachment":[{"href":"https:\/\/jesse.templweb.com\/en\/wp-json\/wp\/v2\/media?parent=1197"}],"wp:term":[{"taxonomy":"product_brand","embeddable":true,"href":"https:\/\/jesse.templweb.com\/en\/wp-json\/wp\/v2\/product_brand?post=1197"},{"taxonomy":"product_cat","embeddable":true,"href":"https:\/\/jesse.templweb.com\/en\/wp-json\/wp\/v2\/product_cat?post=1197"},{"taxonomy":"product_tag","embeddable":true,"href":"https:\/\/jesse.templweb.com\/en\/wp-json\/wp\/v2\/product_tag?post=1197"}],"curies":[{"name":"wp","href":"https:\/\/api.w.org\/{rel}","templated":true}]}}